{"id":2631,"date":"2024-07-16T15:14:03","date_gmt":"2024-07-16T08:14:03","guid":{"rendered":"https:\/\/sadico.ximangtaydo.net\/?page_id=2631"},"modified":"2024-07-17T14:14:03","modified_gmt":"2024-07-17T07:14:03","slug":"banh-vong","status":"publish","type":"page","link":"https:\/\/sadico.ximangtaydo.net\/en\/san-pham\/banh-vong\/","title":{"rendered":"Hammock"},"content":{"rendered":"<div data-elementor-type=\"wp-page\" data-elementor-id=\"2631\" class=\"elementor elementor-2631\" data-elementor-post-type=\"page\">\n\t\t\t\t<div class=\"elementor-element elementor-element-20738c4 e-flex e-con-boxed e-con e-parent\" data-id=\"20738c4\" data-element_type=\"container\" data-e-type=\"container\">\n\t\t\t\t\t<div class=\"e-con-inner\">\n\t\t\t\t<div class=\"elementor-element elementor-element-2a15136 elementor-widget__width-auto elementor-widget elementor-widget-woocommerce-breadcrumb\" data-id=\"2a15136\" data-element_type=\"widget\" data-e-type=\"widget\" data-widget_type=\"woocommerce-breadcrumb.default\">\n\t\t\t\t<div class=\"elementor-widget-container\">\n\t\t\t\t\t<nav class=\"woocommerce-breadcrumb\" aria-label=\"Breadcrumb\" data-no-translation=\"\" data-trp-gettext=\"\">Home<\/nav>\t\t\t\t<\/div>\n\t\t\t\t<\/div>\n\t\t\t\t\t<\/div>\n\t\t\t\t<\/div>\n\t\t<div class=\"elementor-element elementor-element-e64266f e-flex e-con-boxed e-con e-parent\" data-id=\"e64266f\" data-element_type=\"container\" data-e-type=\"container\">\n\t\t\t\t\t<div class=\"e-con-inner\">\n\t\t\t\t<div class=\"elementor-element elementor-element-06c406a elementor-widget elementor-widget-heading\" data-id=\"06c406a\" data-element_type=\"widget\" data-e-type=\"widget\" data-widget_type=\"heading.default\">\n\t\t\t\t<div class=\"elementor-widget-container\">\n\t\t\t\t\t<h2 class=\"elementor-heading-title elementor-size-default\">C\u00e1c s\u1ea3n ph\u1ea9m c\u1ee7a SADICO C\u1ea7n Th\u01a1 <\/h2>\t\t\t\t<\/div>\n\t\t\t\t<\/div>\n\t\t\t\t\t<\/div>\n\t\t\t\t<\/div>\n\t\t<div class=\"elementor-element elementor-element-28e06a5 e-flex e-con-boxed e-con e-child\" data-id=\"28e06a5\" data-element_type=\"container\" data-e-type=\"container\">\n\t\t\t\t\t<div class=\"e-con-inner\">\n\t\t<div class=\"elementor-element elementor-element-288ce8f e-con-full e-flex e-con e-child\" data-id=\"288ce8f\" data-element_type=\"container\" data-e-type=\"container\">\n\t\t<div class=\"elementor-element elementor-element-1ee7de2 e-con-full e-flex e-con e-child\" data-id=\"1ee7de2\" data-element_type=\"container\" data-e-type=\"container\" data-settings=\"{&quot;background_background&quot;:&quot;gradient&quot;}\">\n\t\t<div class=\"elementor-element elementor-element-ea0f6ec e-con-full e-flex e-con e-child\" data-id=\"ea0f6ec\" data-element_type=\"container\" data-e-type=\"container\">\n\t\t<div class=\"elementor-element elementor-element-36b9998 e-con-full e-flex e-con e-child\" data-id=\"36b9998\" data-element_type=\"container\" data-e-type=\"container\">\n\t\t\t\t<div class=\"elementor-element elementor-element-a8e7013 elementor-widget elementor-widget-heading\" data-id=\"a8e7013\" data-element_type=\"widget\" data-e-type=\"widget\" data-widget_type=\"heading.default\">\n\t\t\t\t<div class=\"elementor-widget-container\">\n\t\t\t\t\t<h2 class=\"elementor-heading-title elementor-size-default\">Th\u00f4ng tin s\u1ea3n ph\u1ea9m<\/h2>\t\t\t\t<\/div>\n\t\t\t\t<\/div>\n\t\t\t\t<div class=\"elementor-element elementor-element-45b1d1e elementor-widget elementor-widget-heading\" data-id=\"45b1d1e\" data-element_type=\"widget\" data-e-type=\"widget\" data-widget_type=\"heading.default\">\n\t\t\t\t<div class=\"elementor-widget-container\">\n\t\t\t\t\t<h2 class=\"elementor-heading-title elementor-size-default\">B\u00c0NH V\u00d5NG (c\u00f2n \u0111\u01b0\u1ee3c g\u1ecdi l\u00e0 B\u1ea1t c\u1ea9u, V\u00f5ng c\u1ea9u, Sling bag): - D\u00f9ng cho vi\u1ec7c c\u1ea9u, v\u1eadn chuy\u1ec3n c\u00e1c lo\u1ea1i bao xi m\u0103ng, h\u00f3a ch\u1ea5t, g\u1ea1o, n\u00f4ng s\u1ea3n c\u00e1c lo\u1ea1i l\u00ean x\u00e0 lan, t\u00e0u ho\u1eb7c c\u00e1c ph\u01b0\u01a1ng ti\u1ec7n \u0111\u01b0\u1eddng b\u1ed9; T\u1ea3i tr\u1ecdng t\u1eeb 1 \u0111\u1ebfn 2 t\u1ea5n; C\u00f3 th\u1ec3 in \u1ea5n t\u1eeb 1 \u0111\u1ebfn 3 m\u00e0u t\u00f9y nhu c\u1ea7u c\u1ee7a kh\u00e1ch h\u00e0ng; Gi\u1ea3m thi\u1ec3u c\u00e1c chi ph\u00ed b\u1ed1c d\u1ee1, \u0111\u1eb7c bi\u1ec7t l\u00e0 chi ph\u00ed  nh\u00e2n c\u00f4ng, d\u1ec5 s\u1eed d\u1ee5ng, t\u0103ng hi\u1ec7u qu\u1ea3 trong vi\u1ec7c v\u1eadn chuy\u1ec3n; V\u1edbi nhi\u1ec1u quy c\u00e1ch \u0111\u00e1p \u1ee9ng \u0111\u1ea7y \u0111\u1ee7 ti\u00eau ch\u00ed xu\u1ea5t kh\u1ea9u v\u1edbi gi\u00e1 c\u1ea3 c\u1ea1nh tranh.<\/h2>\t\t\t\t<\/div>\n\t\t\t\t<\/div>\n\t\t\t\t<\/div>\n\t\t<div class=\"elementor-element elementor-element-917796f e-con-full e-flex e-con e-child\" data-id=\"917796f\" data-element_type=\"container\" data-e-type=\"container\">\n\t\t\t\t<div class=\"elementor-element elementor-element-9af9b9e elementor-skin-carousel elementor-arrows-yes elementor-pagination-type-bullets elementor-pagination-position-outside elementor-widget elementor-widget-media-carousel\" data-id=\"9af9b9e\" data-element_type=\"widget\" data-e-type=\"widget\" data-settings=\"{&quot;effect&quot;:&quot;fade&quot;,&quot;autoplay_speed&quot;:2000,&quot;skin&quot;:&quot;carousel&quot;,&quot;show_arrows&quot;:&quot;yes&quot;,&quot;pagination&quot;:&quot;bullets&quot;,&quot;speed&quot;:500,&quot;autoplay&quot;:&quot;yes&quot;,&quot;loop&quot;:&quot;yes&quot;,&quot;pause_on_hover&quot;:&quot;yes&quot;,&quot;pause_on_interaction&quot;:&quot;yes&quot;,&quot;space_between&quot;:{&quot;unit&quot;:&quot;px&quot;,&quot;size&quot;:10,&quot;sizes&quot;:[]},&quot;space_between_tablet&quot;:{&quot;unit&quot;:&quot;px&quot;,&quot;size&quot;:10,&quot;sizes&quot;:[]},&quot;space_between_mobile&quot;:{&quot;unit&quot;:&quot;px&quot;,&quot;size&quot;:10,&quot;sizes&quot;:[]}}\" data-widget_type=\"media-carousel.default\">\n\t\t\t\t<div class=\"elementor-widget-container\">\n\t\t\t\t\t\t\t<div class=\"elementor-swiper\">\n\t\t\t<div class=\"elementor-main-swiper swiper-container\">\n\t\t\t\t<div class=\"swiper-wrapper\">\n\t\t\t\t\t\t\t\t\t\t\t<div class=\"swiper-slide\">\n\t\t\t\t\t\t\t<a href=\"https:\/\/sadico.ximangtaydo.net\/wp-content\/uploads\/2024\/07\/Banh-vong.jpg\" data-elementor-open-lightbox=\"yes\" data-elementor-lightbox-slideshow=\"9af9b9e\" data-elementor-lightbox-title=\"B\u00e0nh v\u00f5ng\" data-e-action-hash=\"#elementor-action%3Aaction%3Dlightbox%26settings%3DeyJpZCI6MzA2MywidXJsIjoiaHR0cHM6XC9cL3NhZGljby54aW1hbmd0YXlkby5uZXRcL3dwLWNvbnRlbnRcL3VwbG9hZHNcLzIwMjRcLzA3XC9CYW5oLXZvbmcuanBnIiwic2xpZGVzaG93IjoiOWFmOWI5ZSJ9\">\t\t<div class=\"elementor-carousel-image\" role=\"img\" aria-label=\"Hammock\" style=\"background-image: url(&#039;https:\/\/sadico.ximangtaydo.net\/wp-content\/uploads\/2024\/07\/Banh-vong.jpg&#039;)\">\n\n\t\t\t\n\t\t\t\t\t<\/div>\n\t\t\t\t\t<div class=\"elementor-carousel-image-overlay e-overlay-animation-fade\">\n\t\t\t\t<svg class=\"e-font-icon-svg e-fas-search-plus\" viewbox=\"0 0 512 512\" xmlns=\"http:\/\/www.w3.org\/2000\/svg\"><path d=\"M304 192v32c0 6.6-5.4 12-12 12h-56v56c0 6.6-5.4 12-12 12h-32c-6.6 0-12-5.4-12-12v-56h-56c-6.6 0-12-5.4-12-12v-32c0-6.6 5.4-12 12-12h56v-56c0-6.6 5.4-12 12-12h32c6.6 0 12 5.4 12 12v56h56c6.6 0 12 5.4 12 12zm201 284.7L476.7 505c-9.4 9.4-24.6 9.4-33.9 0L343 405.3c-4.5-4.5-7-10.6-7-17V372c-35.3 27.6-79.7 44-128 44C93.1 416 0 322.9 0 208S93.1 0 208 0s208 93.1 208 208c0 48.3-16.4 92.7-44 128h16.3c6.4 0 12.5 2.5 17 7l99.7 99.7c9.3 9.4 9.3 24.6 0 34zM344 208c0-75.2-60.8-136-136-136S72 132.8 72 208s60.8 136 136 136 136-60.8 136-136z\"><\/path><\/svg>\t\t\t<\/div>\n\t\t\t<\/a>\t\t\t\t\t\t<\/div>\n\t\t\t\t\t\t\t\t\t\t\t<div class=\"swiper-slide\">\n\t\t\t\t\t\t\t<a href=\"https:\/\/sadico.ximangtaydo.net\/wp-content\/uploads\/2024\/07\/banh-vong-28241599569956.png\" data-elementor-open-lightbox=\"yes\" data-elementor-lightbox-slideshow=\"9af9b9e\" data-elementor-lightbox-title=\"banh-vong-28241599569956\" data-e-action-hash=\"#elementor-action%3Aaction%3Dlightbox%26settings%3DeyJpZCI6MjY0NSwidXJsIjoiaHR0cHM6XC9cL3NhZGljby54aW1hbmd0YXlkby5uZXRcL3dwLWNvbnRlbnRcL3VwbG9hZHNcLzIwMjRcLzA3XC9iYW5oLXZvbmctMjgyNDE1OTk1Njk5NTYucG5nIiwic2xpZGVzaG93IjoiOWFmOWI5ZSJ9\">\t\t<div class=\"elementor-carousel-image\" role=\"img\" aria-label=\"banh-vong-28241599569956\" style=\"background-image: url(&#039;https:\/\/sadico.ximangtaydo.net\/wp-content\/uploads\/2024\/07\/banh-vong-28241599569956.png&#039;)\">\n\n\t\t\t\n\t\t\t\t\t<\/div>\n\t\t\t\t\t<div class=\"elementor-carousel-image-overlay e-overlay-animation-fade\">\n\t\t\t\t<svg class=\"e-font-icon-svg e-fas-search-plus\" viewbox=\"0 0 512 512\" xmlns=\"http:\/\/www.w3.org\/2000\/svg\"><path d=\"M304 192v32c0 6.6-5.4 12-12 12h-56v56c0 6.6-5.4 12-12 12h-32c-6.6 0-12-5.4-12-12v-56h-56c-6.6 0-12-5.4-12-12v-32c0-6.6 5.4-12 12-12h56v-56c0-6.6 5.4-12 12-12h32c6.6 0 12 5.4 12 12v56h56c6.6 0 12 5.4 12 12zm201 284.7L476.7 505c-9.4 9.4-24.6 9.4-33.9 0L343 405.3c-4.5-4.5-7-10.6-7-17V372c-35.3 27.6-79.7 44-128 44C93.1 416 0 322.9 0 208S93.1 0 208 0s208 93.1 208 208c0 48.3-16.4 92.7-44 128h16.3c6.4 0 12.5 2.5 17 7l99.7 99.7c9.3 9.4 9.3 24.6 0 34zM344 208c0-75.2-60.8-136-136-136S72 132.8 72 208s60.8 136 136 136 136-60.8 136-136z\"><\/path><\/svg>\t\t\t<\/div>\n\t\t\t<\/a>\t\t\t\t\t\t<\/div>\n\t\t\t\t\t\t\t\t\t<\/div>\n\t\t\t\t\t\t\t\t\t\t\t\t\t\t\t<div class=\"swiper-pagination\"><\/div>\n\t\t\t\t\t\t\t\t\t\t\t\t\t\t\t\t<div class=\"elementor-swiper-button elementor-swiper-button-prev\" role=\"button\" tabindex=\"0\">\n\t\t\t\t\t\t\t<svg aria-hidden=\"true\" class=\"e-font-icon-svg e-eicon-chevron-left\" viewbox=\"0 0 1000 1000\" xmlns=\"http:\/\/www.w3.org\/2000\/svg\"><path d=\"M646 125C629 125 613 133 604 142L308 442C296 454 292 471 292 487 292 504 296 521 308 533L604 854C617 867 629 875 646 875 663 875 679 871 692 858 704 846 713 829 713 812 713 796 708 779 692 767L438 487 692 225C700 217 708 204 708 187 708 171 704 154 692 142 675 129 663 125 646 125Z\"><\/path><\/svg>\t\t\t\t\t\t\t<span class=\"elementor-screen-only\">Previous<\/span>\n\t\t\t\t\t\t<\/div>\n\t\t\t\t\t\t<div class=\"elementor-swiper-button elementor-swiper-button-next\" role=\"button\" tabindex=\"0\">\n\t\t\t\t\t\t\t<svg aria-hidden=\"true\" class=\"e-font-icon-svg e-eicon-chevron-right\" viewbox=\"0 0 1000 1000\" xmlns=\"http:\/\/www.w3.org\/2000\/svg\"><path d=\"M696 533C708 521 713 504 713 487 713 471 708 454 696 446L400 146C388 133 375 125 354 125 338 125 325 129 313 142 300 154 292 171 292 187 292 204 296 221 308 233L563 492 304 771C292 783 288 800 288 817 288 833 296 850 308 863 321 871 338 875 354 875 371 875 388 867 400 854L696 533Z\"><\/path><\/svg>\t\t\t\t\t\t\t<span class=\"elementor-screen-only\">Next<\/span>\n\t\t\t\t\t\t<\/div>\n\t\t\t\t\t\t\t\t\t\t\t\t<\/div>\n\t\t<\/div>\n\t\t\t\t\t\t<\/div>\n\t\t\t\t<\/div>\n\t\t\t\t<\/div>\n\t\t\t\t<\/div>\n\t\t\t\t<\/div>\n\t\t\t\t<\/div>\n\t\t\t\t\t<\/div>\n\t\t\t\t<\/div>\n\t\t\t\t<\/div>","protected":false},"excerpt":{"rendered":"<p>C\u00e1c s\u1ea3n ph\u1ea9m c\u1ee7a SADICO C\u1ea7n Th\u01a1 Th\u00f4ng tin s\u1ea3n ph\u1ea9m B\u00c0NH V\u00d5NG (c\u00f2n \u0111\u01b0\u1ee3c g\u1ecdi l\u00e0 B\u1ea1t c\u1ea9u, V\u00f5ng c\u1ea9u, Sling bag): &#8211; D\u00f9ng cho vi\u1ec7c c\u1ea9u, v\u1eadn chuy\u1ec3n c\u00e1c lo\u1ea1i bao xi m\u0103ng, h\u00f3a ch\u1ea5t, g\u1ea1o, n\u00f4ng s\u1ea3n c\u00e1c lo\u1ea1i l\u00ean x\u00e0 lan, t\u00e0u ho\u1eb7c c\u00e1c ph\u01b0\u01a1ng ti\u1ec7n \u0111\u01b0\u1eddng b\u1ed9; T\u1ea3i tr\u1ecdng t\u1eeb [&hellip;]<\/p>\n","protected":false},"author":1,"featured_media":0,"parent":13,"menu_order":0,"comment_status":"closed","ping_status":"closed","template":"elementor_header_footer","meta":{"footnotes":""},"class_list":["post-2631","page","type-page","status-publish","hentry"],"rttpg_featured_image_url":null,"rttpg_author":{"display_name":"sdc","author_link":"https:\/\/sadico.ximangtaydo.net\/en\/author\/sdc\/"},"rttpg_comment":0,"rttpg_category":null,"rttpg_excerpt":"C\u00e1c s\u1ea3n ph\u1ea9m c\u1ee7a SADICO C\u1ea7n Th\u01a1 Th\u00f4ng tin s\u1ea3n ph\u1ea9m B\u00c0NH V\u00d5NG (c\u00f2n \u0111\u01b0\u1ee3c g\u1ecdi l\u00e0 B\u1ea1t c\u1ea9u, V\u00f5ng c\u1ea9u, Sling bag): &#8211; D\u00f9ng cho vi\u1ec7c c\u1ea9u, v\u1eadn chuy\u1ec3n c\u00e1c lo\u1ea1i bao xi m\u0103ng, h\u00f3a ch\u1ea5t, g\u1ea1o, n\u00f4ng s\u1ea3n c\u00e1c lo\u1ea1i l\u00ean x\u00e0 lan, t\u00e0u ho\u1eb7c c\u00e1c ph\u01b0\u01a1ng ti\u1ec7n \u0111\u01b0\u1eddng b\u1ed9; T\u1ea3i tr\u1ecdng t\u1eeb&hellip;","_links":{"self":[{"href":"https:\/\/sadico.ximangtaydo.net\/en\/wp-json\/wp\/v2\/pages\/2631","targetHints":{"allow":["GET"]}}],"collection":[{"href":"https:\/\/sadico.ximangtaydo.net\/en\/wp-json\/wp\/v2\/pages"}],"about":[{"href":"https:\/\/sadico.ximangtaydo.net\/en\/wp-json\/wp\/v2\/types\/page"}],"author":[{"embeddable":true,"href":"https:\/\/sadico.ximangtaydo.net\/en\/wp-json\/wp\/v2\/users\/1"}],"replies":[{"embeddable":true,"href":"https:\/\/sadico.ximangtaydo.net\/en\/wp-json\/wp\/v2\/comments?post=2631"}],"version-history":[{"count":25,"href":"https:\/\/sadico.ximangtaydo.net\/en\/wp-json\/wp\/v2\/pages\/2631\/revisions"}],"predecessor-version":[{"id":3066,"href":"https:\/\/sadico.ximangtaydo.net\/en\/wp-json\/wp\/v2\/pages\/2631\/revisions\/3066"}],"up":[{"embeddable":true,"href":"https:\/\/sadico.ximangtaydo.net\/en\/wp-json\/wp\/v2\/pages\/13"}],"wp:attachment":[{"href":"https:\/\/sadico.ximangtaydo.net\/en\/wp-json\/wp\/v2\/media?parent=2631"}],"curies":[{"name":"wp","href":"https:\/\/api.w.org\/{rel}","templated":true}]}}