{"id":24,"date":"2024-06-29T02:43:49","date_gmt":"2024-06-29T02:43:49","guid":{"rendered":"https:\/\/sadico.ximangtaydo.net\/?page_id=24"},"modified":"2024-07-11T13:42:57","modified_gmt":"2024-07-11T06:42:57","slug":"tuyen-dung","status":"publish","type":"page","link":"https:\/\/sadico.ximangtaydo.net\/en\/tuyen-dung\/","title":{"rendered":"Recruitment"},"content":{"rendered":"<div data-elementor-type=\"wp-page\" data-elementor-id=\"24\" class=\"elementor elementor-24\" data-elementor-post-type=\"page\">\n\t\t\t\t<div class=\"elementor-element elementor-element-a43a7db e-flex e-con-boxed e-con e-parent\" data-id=\"a43a7db\" data-element_type=\"container\" data-e-type=\"container\">\n\t\t\t\t\t<div class=\"e-con-inner\">\n\t\t\t\t<div class=\"elementor-element elementor-element-0535e9c elementor-widget__width-auto elementor-widget elementor-widget-woocommerce-breadcrumb\" data-id=\"0535e9c\" data-element_type=\"widget\" data-e-type=\"widget\" data-widget_type=\"woocommerce-breadcrumb.default\">\n\t\t\t\t<div class=\"elementor-widget-container\">\n\t\t\t\t\t<nav class=\"woocommerce-breadcrumb\" aria-label=\"Breadcrumb\" data-no-translation=\"\" data-trp-gettext=\"\">Home<\/nav>\t\t\t\t<\/div>\n\t\t\t\t<\/div>\n\t\t\t\t\t<\/div>\n\t\t\t\t<\/div>\n\t\t<div class=\"elementor-element elementor-element-35fad5b e-flex e-con-boxed e-con e-parent\" data-id=\"35fad5b\" data-element_type=\"container\" data-e-type=\"container\">\n\t\t\t\t\t<div class=\"e-con-inner\">\n\t\t\t\t<div class=\"elementor-element elementor-element-550b30b elementor-widget elementor-widget-heading\" data-id=\"550b30b\" data-element_type=\"widget\" data-e-type=\"widget\" data-widget_type=\"heading.default\">\n\t\t\t\t<div class=\"elementor-widget-container\">\n\t\t\t\t\t<h2 class=\"elementor-heading-title elementor-size-default\">C\u00d4NG TY C\u1ed4 PH\u1ea6N SADICO C\u1ea6N TH\u01a0 TH\u00d4NG B\u00c1O TUY\u1ec2N D\u1ee4NG<\/h2>\t\t\t\t<\/div>\n\t\t\t\t<\/div>\n\t\t\t\t\t<\/div>\n\t\t\t\t<\/div>\n\t\t<div class=\"elementor-element elementor-element-c1753ed e-flex e-con-boxed e-con e-parent\" data-id=\"c1753ed\" data-element_type=\"container\" data-e-type=\"container\">\n\t\t\t\t\t<div class=\"e-con-inner\">\n\t\t\t\t<div class=\"elementor-element elementor-element-c465cbb meta-visibility-show title_position_default title_hover_border_default title-default img_hover_animation_default meta_position_default readmore-btn-default-style grid-hover-overlay-type-always tpg-el-box-border-enable tpg-border-bottom-disable elementor-widget elementor-widget-tpg-list-layout\" data-id=\"c465cbb\" data-element_type=\"widget\" data-e-type=\"widget\" data-widget_type=\"tpg-list-layout.default\">\n\t\t\t\t<div class=\"elementor-widget-container\">\n\t\t\t\t\t\n        <div class=\"rt-container-fluid rt-tpg-container tpg-el-main-wrapper list-layout1-main\"\n             data-sc-id=\"elementor\"\n             id=\"rt-tpg-container-572543282\"\n             data-layout=\"list-layout1\"\n             data-grid-style=\"tpg-even\"\n             data-el-settings=''\n             data-el-query=''\n             data-el-path=''\n        >\n\t\t\t            <div class='tpg-header-wrapper'>\n\t\t\t\t            <\/div>\n\n            <div data-title=\"Loading ...\" class=\"rt-row rt-content-loader list-layout1 tpg-even list-behaviour list-layout-wrapper\">\n\t\t\t\t\n<div class=\"rt-col-md-12 rt-col-sm-12 rt-col-xs-12 default rt-list-item rt-grid-item\" data-id=\"2151\">\n\t<div class=\"rt-holder tpg-post-holder\">\n\t\t<div class=\"rt-detail rt-el-content-wrapper\">\n\t\t\t\t\t\t\t<div class=\"rt-img-holder tpg-el-image-wrap has-thumbnail\">\n\t\t\t\t\t<a data-id=\"2151\" href=\"https:\/\/sadico.ximangtaydo.net\/en\/cong-nhan-phan-xuong-san-xuat-gap\/\" class=\"tpg-post-link\" target=\"_self\">                        <img fetchpriority=\"high\" decoding=\"async\" src=\"https:\/\/sadico.ximangtaydo.net\/wp-content\/uploads\/2024\/06\/Sadico-1024x626.png\"\n                             class=\"rt-img-responsive\"\n                             width=\"800\"\n                             height=\"489\"\n                             alt=\"C\u00d4NG NH\u00c2N PH\u00c2N X\u01af\u1edeNG S\u1ea2N XU\u1ea4T (G\u1ea4P)\">\n\t\t\t\t\t\t\n\t\t\t\t\t\t\t\n\t\t<\/a>\n\t\t        <div class=\"overlay grid-hover-content\"><\/div>\n\t\t\t\t\t\t<\/div>\n\t\t\t\n\t\t\t<div class=\"post-right-content\">\n\t\t\t\t<div class=\"entry-title-wrapper\"><h3 class=\"entry-title\"><a data-id=\"2151\" href=\"https:\/\/sadico.ximangtaydo.net\/en\/cong-nhan-phan-xuong-san-xuat-gap\/\" class=\"tpg-post-link\" target=\"_self\">C\u00d4NG NH\u00c2N PH\u00c2N X\u01af\u1edeNG S\u1ea2N XU\u1ea4T (G\u1ea4P)<\/a><\/h3><\/div>\n\t\t\t\t\t\t\t\t\t<div class=\"post-meta-tags rt-el-post-meta\">\n\t\t\t\t\t\t            <span class='date'>\n\t\t\t\t<i class='far fa-calendar-alt'><\/i>\t\t\t\t                    <a href=\"https:\/\/sadico.ximangtaydo.net\/en\/2024\/07\/11\/\">\n\t\t\t\t\t11\/07\/2024\t\t\t\t<\/a>\n\t\t\t\t\t\t\t<\/span>\n\t\t\t\t\t\t\t\t<\/div>\n\t\t\t\t\n\t\t\t\t\n\t\t\t\t        <div class=\"post-footer\">\n            <div class=\"post-footer\">\n                <div class=\"read-more\">\n\t\t\t\t\t<a data-id=\"2151\" href=\"https:\/\/sadico.ximangtaydo.net\/en\/cong-nhan-phan-xuong-san-xuat-gap\/\" class=\"tpg-post-link\" target=\"_self\">Detail<\/a>                <\/div>\n            <\/div>\n        <\/div>\n\t\t\t\t\t<\/div>\n\t\t<\/div>\n\t<\/div>\n<\/div>\n\n<div class=\"rt-col-md-12 rt-col-sm-12 rt-col-xs-12 default rt-list-item rt-grid-item\" data-id=\"2080\">\n\t<div class=\"rt-holder tpg-post-holder\">\n\t\t<div class=\"rt-detail rt-el-content-wrapper\">\n\t\t\t\t\t\t\t<div class=\"rt-img-holder tpg-el-image-wrap has-thumbnail\">\n\t\t\t\t\t<a data-id=\"2080\" href=\"https:\/\/sadico.ximangtaydo.net\/en\/mau-tuyen-dung\/\" class=\"tpg-post-link\" target=\"_self\">                        <img decoding=\"async\" src=\"https:\/\/sadico.ximangtaydo.net\/wp-content\/uploads\/2024\/06\/Sadico-1024x626.png\"\n                             class=\"rt-img-responsive\"\n                             width=\"800\"\n                             height=\"489\"\n                             alt=\"M\u1eabu Tuy\u1ec3n d\u1ee5ng\">\n\t\t\t\t\t\t\n\t\t\t\t\t\t\t\n\t\t<\/a>\n\t\t        <div class=\"overlay grid-hover-content\"><\/div>\n\t\t\t\t\t\t<\/div>\n\t\t\t\n\t\t\t<div class=\"post-right-content\">\n\t\t\t\t<div class=\"entry-title-wrapper\"><h3 class=\"entry-title\"><a data-id=\"2080\" href=\"https:\/\/sadico.ximangtaydo.net\/en\/mau-tuyen-dung\/\" class=\"tpg-post-link\" target=\"_self\">M\u1eabu Tuy\u1ec3n d\u1ee5ng<\/a><\/h3><\/div>\n\t\t\t\t\t\t\t\t\t<div class=\"post-meta-tags rt-el-post-meta\">\n\t\t\t\t\t\t            <span class='date'>\n\t\t\t\t<i class='far fa-calendar-alt'><\/i>\t\t\t\t                    <a href=\"https:\/\/sadico.ximangtaydo.net\/en\/2024\/07\/11\/\">\n\t\t\t\t\t11\/07\/2024\t\t\t\t<\/a>\n\t\t\t\t\t\t\t<\/span>\n\t\t\t\t\t\t\t\t<\/div>\n\t\t\t\t\n\t\t\t\t\n\t\t\t\t        <div class=\"post-footer\">\n            <div class=\"post-footer\">\n                <div class=\"read-more\">\n\t\t\t\t\t<a data-id=\"2080\" href=\"https:\/\/sadico.ximangtaydo.net\/en\/mau-tuyen-dung\/\" class=\"tpg-post-link\" target=\"_self\">Detail<\/a>                <\/div>\n            <\/div>\n        <\/div>\n\t\t\t\t\t<\/div>\n\t\t<\/div>\n\t<\/div>\n<\/div>\n            <\/div>\n\n\t\t\t\n        <\/div>\n\t\t\t\t\t\t<\/div>\n\t\t\t\t<\/div>\n\t\t\t\t\t<\/div>\n\t\t\t\t<\/div>\n\t\t\t\t<\/div>","protected":false},"excerpt":{"rendered":"<p>C\u00d4NG TY C\u1ed4 PH\u1ea6N SADICO C\u1ea6N TH\u01a0 TH\u00d4NG B\u00c1O TUY\u1ec2N D\u1ee4NG M\u1eabu Tuy\u1ec3n d\u1ee5ng 11\/07\/2024 Chi ti\u1ebft<\/p>","protected":false},"author":1,"featured_media":0,"parent":0,"menu_order":0,"comment_status":"closed","ping_status":"closed","template":"elementor_header_footer","meta":{"footnotes":""},"class_list":["post-24","page","type-page","status-publish","hentry"],"rttpg_featured_image_url":null,"rttpg_author":{"display_name":"sdc","author_link":"https:\/\/sadico.ximangtaydo.net\/en\/author\/sdc\/"},"rttpg_comment":0,"rttpg_category":"","rttpg_excerpt":"C\u00d4NG TY C\u1ed4 PH\u1ea6N SADICO C\u1ea6N TH\u01a0 TH\u00d4NG B\u00c1O TUY\u1ec2N D\u1ee4NG M\u1eabu Tuy\u1ec3n d\u1ee5ng 11\/07\/2024 Chi ti\u1ebft","_links":{"self":[{"href":"https:\/\/sadico.ximangtaydo.net\/en\/wp-json\/wp\/v2\/pages\/24","targetHints":{"allow":["GET"]}}],"collection":[{"href":"https:\/\/sadico.ximangtaydo.net\/en\/wp-json\/wp\/v2\/pages"}],"about":[{"href":"https:\/\/sadico.ximangtaydo.net\/en\/wp-json\/wp\/v2\/types\/page"}],"author":[{"embeddable":true,"href":"https:\/\/sadico.ximangtaydo.net\/en\/wp-json\/wp\/v2\/users\/1"}],"replies":[{"embeddable":true,"href":"https:\/\/sadico.ximangtaydo.net\/en\/wp-json\/wp\/v2\/comments?post=24"}],"version-history":[{"count":17,"href":"https:\/\/sadico.ximangtaydo.net\/en\/wp-json\/wp\/v2\/pages\/24\/revisions"}],"predecessor-version":[{"id":2150,"href":"https:\/\/sadico.ximangtaydo.net\/en\/wp-json\/wp\/v2\/pages\/24\/revisions\/2150"}],"wp:attachment":[{"href":"https:\/\/sadico.ximangtaydo.net\/en\/wp-json\/wp\/v2\/media?parent=24"}],"curies":[{"name":"wp","href":"https:\/\/api.w.org\/{rel}","templated":true}]}}