{"id":18,"date":"2024-06-29T02:42:55","date_gmt":"2024-06-29T02:42:55","guid":{"rendered":"https:\/\/sadico.ximangtaydo.net\/?page_id=18"},"modified":"2024-07-17T17:03:44","modified_gmt":"2024-07-17T10:03:44","slug":"quan-he-co-dong","status":"publish","type":"page","link":"https:\/\/sadico.ximangtaydo.net\/en\/quan-he-co-dong\/","title":{"rendered":"Shareholder relations"},"content":{"rendered":"<div data-elementor-type=\"wp-page\" data-elementor-id=\"18\" class=\"elementor elementor-18\" data-elementor-post-type=\"page\">\n\t\t\t\t<div class=\"elementor-element elementor-element-e06d23a e-flex e-con-boxed e-con e-parent\" data-id=\"e06d23a\" data-element_type=\"container\" data-e-type=\"container\">\n\t\t\t\t\t<div class=\"e-con-inner\">\n\t\t\t\t<div class=\"elementor-element elementor-element-832d680 elementor-widget__width-auto elementor-widget elementor-widget-woocommerce-breadcrumb\" data-id=\"832d680\" data-element_type=\"widget\" data-e-type=\"widget\" data-widget_type=\"woocommerce-breadcrumb.default\">\n\t\t\t\t<div class=\"elementor-widget-container\">\n\t\t\t\t\t<nav class=\"woocommerce-breadcrumb\" aria-label=\"Breadcrumb\" data-no-translation=\"\" data-trp-gettext=\"\">Home<\/nav>\t\t\t\t<\/div>\n\t\t\t\t<\/div>\n\t\t\t\t\t<\/div>\n\t\t\t\t<\/div>\n\t\t<div class=\"elementor-element elementor-element-4860423 e-flex e-con-boxed e-con e-parent\" data-id=\"4860423\" data-element_type=\"container\" data-e-type=\"container\">\n\t\t\t\t\t<div class=\"e-con-inner\">\n\t\t\t\t<div class=\"elementor-element elementor-element-16182d1 elementor-widget elementor-widget-heading\" data-id=\"16182d1\" data-element_type=\"widget\" data-e-type=\"widget\" data-widget_type=\"heading.default\">\n\t\t\t\t<div class=\"elementor-widget-container\">\n\t\t\t\t\t<h2 class=\"elementor-heading-title elementor-size-default\">QUAN H\u1ec6 C\u1ed4 \u0110\u00d4NG<\/h2>\t\t\t\t<\/div>\n\t\t\t\t<\/div>\n\t\t\t\t\t<\/div>\n\t\t\t\t<\/div>\n\t\t<div class=\"elementor-element elementor-element-c2a5f96 e-flex e-con-boxed e-con e-parent\" data-id=\"c2a5f96\" data-element_type=\"container\" data-e-type=\"container\">\n\t\t\t\t\t<div class=\"e-con-inner\">\n\t\t<div class=\"elementor-element elementor-element-82ea037 e-grid e-con-full e-con e-child\" data-id=\"82ea037\" data-element_type=\"container\" data-e-type=\"container\">\n\t\t<a class=\"elementor-element elementor-element-004f877 e-con-full e-flex e-con e-child\" data-id=\"004f877\" data-element_type=\"container\" data-e-type=\"container\" data-settings=\"{&quot;background_background&quot;:&quot;gradient&quot;}\" href=\"https:\/\/sadico.ximangtaydo.net\/en\/quan-he-co-dong\/dieu-le-to-chuc-va-hoat-dong\/\">\n\t\t\t\t<div class=\"elementor-element elementor-element-9a3b789 elementor-view-default elementor-widget elementor-widget-icon\" data-id=\"9a3b789\" data-element_type=\"widget\" data-e-type=\"widget\" data-widget_type=\"icon.default\">\n\t\t\t\t<div class=\"elementor-widget-container\">\n\t\t\t\t\t\t\t<div class=\"elementor-icon-wrapper\">\n\t\t\t<div class=\"elementor-icon\">\n\t\t\t<svg aria-hidden=\"true\" class=\"e-font-icon-svg e-fas-folder\" viewbox=\"0 0 512 512\" xmlns=\"http:\/\/www.w3.org\/2000\/svg\"><path d=\"M464 128H272l-64-64H48C21.49 64 0 85.49 0 112v288c0 26.51 21.49 48 48 48h416c26.51 0 48-21.49 48-48V176c0-26.51-21.49-48-48-48z\"><\/path><\/svg>\t\t\t<\/div>\n\t\t<\/div>\n\t\t\t\t\t\t<\/div>\n\t\t\t\t<\/div>\n\t\t\t\t<div class=\"elementor-element elementor-element-cab6a9b elementor-widget elementor-widget-heading\" data-id=\"cab6a9b\" data-element_type=\"widget\" data-e-type=\"widget\" data-widget_type=\"heading.default\">\n\t\t\t\t<div class=\"elementor-widget-container\">\n\t\t\t\t\t<h2 class=\"elementor-heading-title elementor-size-default\">CHARTER OF ORGANIZATION AND OPERATIONS<\/h2>\t\t\t\t<\/div>\n\t\t\t\t<\/div>\n\t\t\t\t<\/a>\n\t\t<a class=\"elementor-element elementor-element-177e893 e-con-full e-flex e-con e-child\" data-id=\"177e893\" data-element_type=\"container\" data-e-type=\"container\" data-settings=\"{&quot;background_background&quot;:&quot;gradient&quot;}\" href=\"https:\/\/sadico.ximangtaydo.net\/en\/quan-he-co-dong\/dieu-le-to-chuc-va-hoat-dong\/\">\n\t\t\t\t<div class=\"elementor-element elementor-element-5558275 elementor-view-default elementor-widget elementor-widget-icon\" data-id=\"5558275\" data-element_type=\"widget\" data-e-type=\"widget\" data-widget_type=\"icon.default\">\n\t\t\t\t<div class=\"elementor-widget-container\">\n\t\t\t\t\t\t\t<div class=\"elementor-icon-wrapper\">\n\t\t\t<div class=\"elementor-icon\">\n\t\t\t<svg aria-hidden=\"true\" class=\"e-font-icon-svg e-fas-folder\" viewbox=\"0 0 512 512\" xmlns=\"http:\/\/www.w3.org\/2000\/svg\"><path d=\"M464 128H272l-64-64H48C21.49 64 0 85.49 0 112v288c0 26.51 21.49 48 48 48h416c26.51 0 48-21.49 48-48V176c0-26.51-21.49-48-48-48z\"><\/path><\/svg>\t\t\t<\/div>\n\t\t<\/div>\n\t\t\t\t\t\t<\/div>\n\t\t\t\t<\/div>\n\t\t\t\t<div class=\"elementor-element elementor-element-9a2f19b elementor-widget elementor-widget-heading\" data-id=\"9a2f19b\" data-element_type=\"widget\" data-e-type=\"widget\" data-widget_type=\"heading.default\">\n\t\t\t\t<div class=\"elementor-widget-container\">\n\t\t\t\t\t<h2 class=\"elementor-heading-title elementor-size-default\">QUY CH\u1ebe N\u1ed8I B\u1ed8 V\u1ec0 QU\u1ea2N TR\u1eca<\/h2>\t\t\t\t<\/div>\n\t\t\t\t<\/div>\n\t\t\t\t<\/a>\n\t\t<a class=\"elementor-element elementor-element-f9cd87c e-con-full e-flex e-con e-child\" data-id=\"f9cd87c\" data-element_type=\"container\" data-e-type=\"container\" data-settings=\"{&quot;background_background&quot;:&quot;gradient&quot;}\" href=\"https:\/\/sadico.ximangtaydo.net\/en\/quan-he-co-dong\/nghi-quyet-dhdcd-hdqt\/\">\n\t\t\t\t<div class=\"elementor-element elementor-element-69d5226 elementor-view-default elementor-widget elementor-widget-icon\" data-id=\"69d5226\" data-element_type=\"widget\" data-e-type=\"widget\" data-widget_type=\"icon.default\">\n\t\t\t\t<div class=\"elementor-widget-container\">\n\t\t\t\t\t\t\t<div class=\"elementor-icon-wrapper\">\n\t\t\t<div class=\"elementor-icon\">\n\t\t\t<svg aria-hidden=\"true\" class=\"e-font-icon-svg e-fas-folder\" viewbox=\"0 0 512 512\" xmlns=\"http:\/\/www.w3.org\/2000\/svg\"><path d=\"M464 128H272l-64-64H48C21.49 64 0 85.49 0 112v288c0 26.51 21.49 48 48 48h416c26.51 0 48-21.49 48-48V176c0-26.51-21.49-48-48-48z\"><\/path><\/svg>\t\t\t<\/div>\n\t\t<\/div>\n\t\t\t\t\t\t<\/div>\n\t\t\t\t<\/div>\n\t\t\t\t<div class=\"elementor-element elementor-element-ee8b8cf elementor-widget elementor-widget-heading\" data-id=\"ee8b8cf\" data-element_type=\"widget\" data-e-type=\"widget\" data-widget_type=\"heading.default\">\n\t\t\t\t<div class=\"elementor-widget-container\">\n\t\t\t\t\t<h2 class=\"elementor-heading-title elementor-size-default\">RESOLUTION OF THE General Meeting of Shareholders\/Board of Directors<\/h2>\t\t\t\t<\/div>\n\t\t\t\t<\/div>\n\t\t\t\t<\/a>\n\t\t<a class=\"elementor-element elementor-element-0d3d5f2 e-con-full e-flex e-con e-child\" data-id=\"0d3d5f2\" data-element_type=\"container\" data-e-type=\"container\" data-settings=\"{&quot;background_background&quot;:&quot;gradient&quot;}\" href=\"https:\/\/sadico.ximangtaydo.net\/en\/quan-he-co-dong\/bao-cao-tai-chinh\/\">\n\t\t\t\t<div class=\"elementor-element elementor-element-52c21fb elementor-view-default elementor-widget elementor-widget-icon\" data-id=\"52c21fb\" data-element_type=\"widget\" data-e-type=\"widget\" data-widget_type=\"icon.default\">\n\t\t\t\t<div class=\"elementor-widget-container\">\n\t\t\t\t\t\t\t<div class=\"elementor-icon-wrapper\">\n\t\t\t<div class=\"elementor-icon\">\n\t\t\t<svg aria-hidden=\"true\" class=\"e-font-icon-svg e-fas-folder\" viewbox=\"0 0 512 512\" xmlns=\"http:\/\/www.w3.org\/2000\/svg\"><path d=\"M464 128H272l-64-64H48C21.49 64 0 85.49 0 112v288c0 26.51 21.49 48 48 48h416c26.51 0 48-21.49 48-48V176c0-26.51-21.49-48-48-48z\"><\/path><\/svg>\t\t\t<\/div>\n\t\t<\/div>\n\t\t\t\t\t\t<\/div>\n\t\t\t\t<\/div>\n\t\t\t\t<div class=\"elementor-element elementor-element-970cd99 elementor-widget elementor-widget-heading\" data-id=\"970cd99\" data-element_type=\"widget\" data-e-type=\"widget\" data-widget_type=\"heading.default\">\n\t\t\t\t<div class=\"elementor-widget-container\">\n\t\t\t\t\t<h2 class=\"elementor-heading-title elementor-size-default\">B\u00c1O C\u00c1O T\u00c0I CH\u00cdNH<\/h2>\t\t\t\t<\/div>\n\t\t\t\t<\/div>\n\t\t\t\t<\/a>\n\t\t<a class=\"elementor-element elementor-element-ec9eb62 e-con-full e-flex e-con e-child\" data-id=\"ec9eb62\" data-element_type=\"container\" data-e-type=\"container\" data-settings=\"{&quot;background_background&quot;:&quot;gradient&quot;}\" href=\"https:\/\/sadico.ximangtaydo.net\/en\/quan-he-co-dong\/cac-van-ban-khac\/\">\n\t\t\t\t<div class=\"elementor-element elementor-element-2feb689 elementor-view-default elementor-widget elementor-widget-icon\" data-id=\"2feb689\" data-element_type=\"widget\" data-e-type=\"widget\" data-widget_type=\"icon.default\">\n\t\t\t\t<div class=\"elementor-widget-container\">\n\t\t\t\t\t\t\t<div class=\"elementor-icon-wrapper\">\n\t\t\t<div class=\"elementor-icon\">\n\t\t\t<svg aria-hidden=\"true\" class=\"e-font-icon-svg e-fas-folder\" viewbox=\"0 0 512 512\" xmlns=\"http:\/\/www.w3.org\/2000\/svg\"><path d=\"M464 128H272l-64-64H48C21.49 64 0 85.49 0 112v288c0 26.51 21.49 48 48 48h416c26.51 0 48-21.49 48-48V176c0-26.51-21.49-48-48-48z\"><\/path><\/svg>\t\t\t<\/div>\n\t\t<\/div>\n\t\t\t\t\t\t<\/div>\n\t\t\t\t<\/div>\n\t\t\t\t<div class=\"elementor-element elementor-element-e804945 elementor-widget elementor-widget-heading\" data-id=\"e804945\" data-element_type=\"widget\" data-e-type=\"widget\" data-widget_type=\"heading.default\">\n\t\t\t\t<div class=\"elementor-widget-container\">\n\t\t\t\t\t<h2 class=\"elementor-heading-title elementor-size-default\">C\u00c1C V\u0102N B\u1ea2N KH\u00c1C<\/h2>\t\t\t\t<\/div>\n\t\t\t\t<\/div>\n\t\t\t\t<\/a>\n\t\t<a class=\"elementor-element elementor-element-c47c2b2 e-con-full e-flex e-con e-child\" data-id=\"c47c2b2\" data-element_type=\"container\" data-e-type=\"container\" data-settings=\"{&quot;background_background&quot;:&quot;gradient&quot;}\" href=\"https:\/\/sadico.ximangtaydo.net\/en\/quan-he-co-dong\/ho-so-sadico-can-tho-sdg\/\">\n\t\t\t\t<div class=\"elementor-element elementor-element-7a93221 elementor-view-default elementor-widget elementor-widget-icon\" data-id=\"7a93221\" data-element_type=\"widget\" data-e-type=\"widget\" data-widget_type=\"icon.default\">\n\t\t\t\t<div class=\"elementor-widget-container\">\n\t\t\t\t\t\t\t<div class=\"elementor-icon-wrapper\">\n\t\t\t<div class=\"elementor-icon\">\n\t\t\t<svg aria-hidden=\"true\" class=\"e-font-icon-svg e-fas-folder\" viewbox=\"0 0 512 512\" xmlns=\"http:\/\/www.w3.org\/2000\/svg\"><path d=\"M464 128H272l-64-64H48C21.49 64 0 85.49 0 112v288c0 26.51 21.49 48 48 48h416c26.51 0 48-21.49 48-48V176c0-26.51-21.49-48-48-48z\"><\/path><\/svg>\t\t\t<\/div>\n\t\t<\/div>\n\t\t\t\t\t\t<\/div>\n\t\t\t\t<\/div>\n\t\t\t\t<div class=\"elementor-element elementor-element-9211ee5 elementor-widget elementor-widget-heading\" data-id=\"9211ee5\" data-element_type=\"widget\" data-e-type=\"widget\" data-widget_type=\"heading.default\">\n\t\t\t\t<div class=\"elementor-widget-container\">\n\t\t\t\t\t<h2 class=\"elementor-heading-title elementor-size-default\">H\u1ed2 S\u01a0 SADICO (SDG)<\/h2>\t\t\t\t<\/div>\n\t\t\t\t<\/div>\n\t\t\t\t<\/a>\n\t\t\t\t<\/div>\n\t\t\t\t\t<\/div>\n\t\t\t\t<\/div>\n\t\t\t\t<\/div>","protected":false},"excerpt":{"rendered":"<p>QUAN H\u1ec6 C\u1ed4 \u0110\u00d4NG \u0110I\u1ec0U L\u1ec6 T\u1ed4 CH\u1ee8C V\u00c0 HO\u1ea0T \u0110\u1ed8NG QUY CH\u1ebe N\u1ed8I B\u1ed8 V\u1ec0 QU\u1ea2N TR\u1eca NGH\u1eca QUY\u1ebeT \u0110H\u0110C\u0110\/H\u0110QT B\u00c1O C\u00c1O T\u00c0I CH\u00cdNH C\u00c1C V\u0102N B\u1ea2N KH\u00c1C H\u1ed2 S\u01a0 SADICO (SDG)<\/p>","protected":false},"author":1,"featured_media":0,"parent":0,"menu_order":0,"comment_status":"closed","ping_status":"closed","template":"elementor_header_footer","meta":{"footnotes":""},"class_list":["post-18","page","type-page","status-publish","hentry"],"rttpg_featured_image_url":null,"rttpg_author":{"display_name":"sdc","author_link":"https:\/\/sadico.ximangtaydo.net\/en\/author\/sdc\/"},"rttpg_comment":0,"rttpg_category":null,"rttpg_excerpt":"QUAN H\u1ec6 C\u1ed4 \u0110\u00d4NG \u0110I\u1ec0U L\u1ec6 T\u1ed4 CH\u1ee8C V\u00c0 HO\u1ea0T \u0110\u1ed8NG QUY CH\u1ebe N\u1ed8I B\u1ed8 V\u1ec0 QU\u1ea2N TR\u1eca NGH\u1eca QUY\u1ebeT \u0110H\u0110C\u0110\/H\u0110QT B\u00c1O C\u00c1O T\u00c0I CH\u00cdNH C\u00c1C V\u0102N B\u1ea2N KH\u00c1C H\u1ed2 S\u01a0 SADICO (SDG)","_links":{"self":[{"href":"https:\/\/sadico.ximangtaydo.net\/en\/wp-json\/wp\/v2\/pages\/18","targetHints":{"allow":["GET"]}}],"collection":[{"href":"https:\/\/sadico.ximangtaydo.net\/en\/wp-json\/wp\/v2\/pages"}],"about":[{"href":"https:\/\/sadico.ximangtaydo.net\/en\/wp-json\/wp\/v2\/types\/page"}],"author":[{"embeddable":true,"href":"https:\/\/sadico.ximangtaydo.net\/en\/wp-json\/wp\/v2\/users\/1"}],"replies":[{"embeddable":true,"href":"https:\/\/sadico.ximangtaydo.net\/en\/wp-json\/wp\/v2\/comments?post=18"}],"version-history":[{"count":33,"href":"https:\/\/sadico.ximangtaydo.net\/en\/wp-json\/wp\/v2\/pages\/18\/revisions"}],"predecessor-version":[{"id":3300,"href":"https:\/\/sadico.ximangtaydo.net\/en\/wp-json\/wp\/v2\/pages\/18\/revisions\/3300"}],"wp:attachment":[{"href":"https:\/\/sadico.ximangtaydo.net\/en\/wp-json\/wp\/v2\/media?parent=18"}],"curies":[{"name":"wp","href":"https:\/\/api.w.org\/{rel}","templated":true}]}}