{"id":1513,"date":"2024-07-05T01:16:21","date_gmt":"2024-07-05T01:16:21","guid":{"rendered":"https:\/\/sadico.ximangtaydo.net\/?page_id=1513"},"modified":"2024-07-05T14:23:05","modified_gmt":"2024-07-05T07:23:05","slug":"tin-tuc","status":"publish","type":"page","link":"https:\/\/sadico.ximangtaydo.net\/en\/tin-tuc\/","title":{"rendered":"News"},"content":{"rendered":"<div data-elementor-type=\"wp-page\" data-elementor-id=\"1513\" class=\"elementor elementor-1513\" data-elementor-post-type=\"page\">\n\t\t\t\t<div class=\"elementor-element elementor-element-3de65e0 e-flex e-con-boxed e-con e-parent\" data-id=\"3de65e0\" data-element_type=\"container\" data-e-type=\"container\">\n\t\t\t\t\t<div class=\"e-con-inner\">\n\t\t\t\t<div class=\"elementor-element elementor-element-1da552d elementor-widget__width-auto elementor-widget elementor-widget-woocommerce-breadcrumb\" data-id=\"1da552d\" data-element_type=\"widget\" data-e-type=\"widget\" data-widget_type=\"woocommerce-breadcrumb.default\">\n\t\t\t\t<div class=\"elementor-widget-container\">\n\t\t\t\t\t<nav class=\"woocommerce-breadcrumb\" aria-label=\"Breadcrumb\" data-no-translation=\"\" data-trp-gettext=\"\">Home<\/nav>\t\t\t\t<\/div>\n\t\t\t\t<\/div>\n\t\t\t\t\t<\/div>\n\t\t\t\t<\/div>\n\t\t<div class=\"elementor-element elementor-element-0a79376 e-flex e-con-boxed e-con e-parent\" data-id=\"0a79376\" data-element_type=\"container\" data-e-type=\"container\">\n\t\t\t\t\t<div class=\"e-con-inner\">\n\t\t\t\t<div class=\"elementor-element elementor-element-e89ec28 elementor-widget elementor-widget-heading\" data-id=\"e89ec28\" data-element_type=\"widget\" data-e-type=\"widget\" data-widget_type=\"heading.default\">\n\t\t\t\t<div class=\"elementor-widget-container\">\n\t\t\t\t\t<h2 class=\"elementor-heading-title elementor-size-default\">TIN T\u1ee8C V\u00c0 HO\u1ea0T \u0110\u1ed8NG<\/h2>\t\t\t\t<\/div>\n\t\t\t\t<\/div>\n\t\t\t\t\t<\/div>\n\t\t\t\t<\/div>\n\t\t<div class=\"elementor-element elementor-element-df7f366 e-flex e-con-boxed e-con e-parent\" data-id=\"df7f366\" data-element_type=\"container\" data-e-type=\"container\">\n\t\t\t\t\t<div class=\"e-con-inner\">\n\t\t\t\t<div class=\"elementor-element elementor-element-81791a5 tpg-wrapper-align-left title_position_default title_hover_border_default title-default img_hover_animation_default readmore-btn-default-style grid-hover-overlay-type-always grid-hover-overlay-height-default hover-overlay-height-default tpg-border-bottom-disable elementor-widget elementor-widget-tpg-grid-hover-layout\" data-id=\"81791a5\" data-element_type=\"widget\" data-e-type=\"widget\" data-widget_type=\"tpg-grid-hover-layout.default\">\n\t\t\t\t<div class=\"elementor-widget-container\">\n\t\t\t\t\t\n        <div class=\"rt-container-fluid rt-tpg-container tpg-el-main-wrapper grid_hover-layout2-main\"\n             id=\"rt-tpg-container-20991894\"\n             data-layout=\"grid_hover-layout2\"\n             data-sc-id=\"elementor\"\n             data-el-settings=''\n             data-el-query=''\n             data-el-path=''\n        >\n\t\t\t            <div class='tpg-header-wrapper'>\n\t\t\t\t            <\/div>\n\n            <div data-title=\"Loading ...\"\n                 class=\"rt-row rt-content-loader grid_hover-layout2 tpg-even grid-behaviour grid_hover_layout_wrapper\">\n\t\t\t\t\n<div class=\"rt-col-md-6 rt-col-sm-6 rt-col-xs-12 default rt-grid-hover-item rt-grid-item\" data-id=\"1748\">\n\t<div class=\"rt-holder tpg-post-holder\">\n\t\t<div class=\"rt-detail rt-el-content-wrapper\">\n\t\t\t\t\t\t\t<div class=\"rt-img-holder tpg-el-image-wrap has-thumbnail\">\n\t\t\t\t\t<a data-id=\"1748\" href=\"https:\/\/sadico.ximangtaydo.net\/en\/trao-qua-cho-cong-nhan-co-hoan-canh-kho-khan-truoc-them-tet-nguyen-dan\/\" class=\"tpg-post-link\" target=\"_self\">                        <img fetchpriority=\"high\" decoding=\"async\" src=\"https:\/\/sadico.ximangtaydo.net\/wp-content\/uploads\/2024\/07\/Tham-Dn-27.12.jpg\"\n                             class=\"rt-img-responsive\"\n                             width=\"660\"\n                             height=\"359\"\n                             alt=\"Trao qu\u00e0 cho c\u00f4ng nh\u00e2n c\u00f3 ho\u00e0n c\u1ea3nh kh\u00f3 kh\u0103n tr\u01b0\u1edbc th\u1ec1m T\u1ebft Nguy\u00ean \u0111\u00e1n\">\n\t\t\t\t\t\t\n\t\t\t\t\t\t\t\n\t\t<\/a>\n\t\t        <div class=\"overlay grid-hover-content\"><\/div>\n\t\t\t\t\t\t<\/div>\n\t\t\t\n\t\t\t<div class=\"grid-hover-content\">\n\n\t\t\t\t<div class=\"entry-title-wrapper\"><h3 class=\"entry-title\"><a data-id=\"1748\" href=\"https:\/\/sadico.ximangtaydo.net\/en\/trao-qua-cho-cong-nhan-co-hoan-canh-kho-khan-truoc-them-tet-nguyen-dan\/\" class=\"tpg-post-link\" target=\"_self\">Giving gifts to workers in difficult circumstances before the Lunar New Year<\/a><\/h3><\/div>\n\n\t\t\t\t\n\t\t\t\t\t\t\t\t\t<div class=\"tpg-excerpt tpg-el-excerpt\">\n\t\t\t\t\t\t\t\t\t\t\t\t\t<div class=\"tpg-excerpt-inner\">\n\t\t\t\t\t\t\t\tN\u1eb1m trong chu\u1ed7i ch\u0103m lo T\u1ebft Gi\u00e1p Th\u00ecn cho \u0111o\u00e0n vi\u00ean c\u00f4ng \u0111o\u00e0n, c\u00f4ng nh\u00e2n, vi\u00ean ch\u1ee9c, lao \u0111\u1ed9ng, Li\u00ean...\t\t\t\t\t\t\t<\/div>\n\t\t\t\t\t\t\t\t\t\t\t\t\t\t\t\t\t<\/div>\n\t\t\t\t\n\t\t\t\t        <div class=\"post-footer\">\n            <div class=\"post-footer\">\n                <div class=\"read-more\">\n\t\t\t\t\t<a data-id=\"1748\" href=\"https:\/\/sadico.ximangtaydo.net\/en\/trao-qua-cho-cong-nhan-co-hoan-canh-kho-khan-truoc-them-tet-nguyen-dan\/\" class=\"tpg-post-link\" target=\"_self\">Detail<\/a>                <\/div>\n            <\/div>\n        <\/div>\n\t\t\t\t\t<\/div>\n\t\t<\/div>\n\t<\/div>\n<\/div>\n\n<div class=\"rt-col-md-6 rt-col-sm-6 rt-col-xs-12 default rt-grid-hover-item rt-grid-item\" data-id=\"1664\">\n\t<div class=\"rt-holder tpg-post-holder\">\n\t\t<div class=\"rt-detail rt-el-content-wrapper\">\n\t\t\t\t\t\t\t<div class=\"rt-img-holder tpg-el-image-wrap has-thumbnail\">\n\t\t\t\t\t<a data-id=\"1664\" href=\"https:\/\/sadico.ximangtaydo.net\/en\/thi-dua-lao-dong-gioi-lao-dong-sang-tao\/\" class=\"tpg-post-link\" target=\"_self\">                        <img decoding=\"async\" src=\"https:\/\/sadico.ximangtaydo.net\/wp-content\/uploads\/2024\/01\/San-Xuat-5-768x432.jpg\"\n                             class=\"rt-img-responsive\"\n                             width=\"768\"\n                             height=\"432\"\n                             alt=\"Thi \u0111ua lao \u0111\u1ed9ng gi\u1ecfi, lao \u0111\u1ed9ng s\u00e1ng t\u1ea1o\">\n\t\t\t\t\t\t\n\t\t\t\t\t\t\t\n\t\t<\/a>\n\t\t        <div class=\"overlay grid-hover-content\"><\/div>\n\t\t\t\t\t\t<\/div>\n\t\t\t\n\t\t\t<div class=\"grid-hover-content\">\n\n\t\t\t\t<div class=\"entry-title-wrapper\"><h3 class=\"entry-title\"><a data-id=\"1664\" href=\"https:\/\/sadico.ximangtaydo.net\/en\/thi-dua-lao-dong-gioi-lao-dong-sang-tao\/\" class=\"tpg-post-link\" target=\"_self\">Thi \u0111ua lao \u0111\u1ed9ng gi\u1ecfi, lao \u0111\u1ed9ng s\u00e1ng t\u1ea1o<\/a><\/h3><\/div>\n\n\t\t\t\t\n\t\t\t\t\t\t\t\t\t<div class=\"tpg-excerpt tpg-el-excerpt\">\n\t\t\t\t\t\t\t\t\t\t\t\t\t<div class=\"tpg-excerpt-inner\">\n\t\t\t\t\t\t\t\tX\u00e1c \u0111\u1ecbnh thi \u0111ua y\u00eau n\u01b0\u1edbc l\u00e0 \u0111\u1ed9ng l\u1ef1c c\u1ee7a s\u1ef1 ph\u00e1t tri\u1ec3n, nh\u1eefng n\u0103m qua, c\u00f4ng \u0111o\u00e0n v\u00e0 l\u00e3nh \u0111\u1ea1o C\u00f4ng...\t\t\t\t\t\t\t<\/div>\n\t\t\t\t\t\t\t\t\t\t\t\t\t\t\t\t\t<\/div>\n\t\t\t\t\n\t\t\t\t        <div class=\"post-footer\">\n            <div class=\"post-footer\">\n                <div class=\"read-more\">\n\t\t\t\t\t<a data-id=\"1664\" href=\"https:\/\/sadico.ximangtaydo.net\/en\/thi-dua-lao-dong-gioi-lao-dong-sang-tao\/\" class=\"tpg-post-link\" target=\"_self\">Detail<\/a>                <\/div>\n            <\/div>\n        <\/div>\n\t\t\t\t\t<\/div>\n\t\t<\/div>\n\t<\/div>\n<\/div>\n\n<div class=\"rt-col-md-6 rt-col-sm-6 rt-col-xs-12 default rt-grid-hover-item rt-grid-item\" data-id=\"2354\">\n\t<div class=\"rt-holder tpg-post-holder\">\n\t\t<div class=\"rt-detail rt-el-content-wrapper\">\n\t\t\t\t\t\t\t<div class=\"rt-img-holder tpg-el-image-wrap has-thumbnail\">\n\t\t\t\t\t<a data-id=\"2354\" href=\"https:\/\/sadico.ximangtaydo.net\/en\/tiet-kiem-dien-nang-tang-hieu-qua-san-xuat\/\" class=\"tpg-post-link\" target=\"_self\">                        <img decoding=\"async\" src=\"https:\/\/sadico.ximangtaydo.net\/wp-content\/uploads\/2014\/03\/DSC07650-768x432.jpg\"\n                             class=\"rt-img-responsive\"\n                             width=\"768\"\n                             height=\"432\"\n                             alt=\"Ti\u1ebft ki\u1ec7m \u0111i\u1ec7n n\u0103ng, t\u0103ng hi\u1ec7u qu\u1ea3 s\u1ea3n xu\u1ea5t\">\n\t\t\t\t\t\t\n\t\t\t\t\t\t\t\n\t\t<\/a>\n\t\t        <div class=\"overlay grid-hover-content\"><\/div>\n\t\t\t\t\t\t<\/div>\n\t\t\t\n\t\t\t<div class=\"grid-hover-content\">\n\n\t\t\t\t<div class=\"entry-title-wrapper\"><h3 class=\"entry-title\"><a data-id=\"2354\" href=\"https:\/\/sadico.ximangtaydo.net\/en\/tiet-kiem-dien-nang-tang-hieu-qua-san-xuat\/\" class=\"tpg-post-link\" target=\"_self\">Ti\u1ebft ki\u1ec7m \u0111i\u1ec7n n\u0103ng, t\u0103ng hi\u1ec7u qu\u1ea3 s\u1ea3n xu\u1ea5t<\/a><\/h3><\/div>\n\n\t\t\t\t\n\t\t\t\t\t\t\t\t\t<div class=\"tpg-excerpt tpg-el-excerpt\">\n\t\t\t\t\t\t\t\t\t\t\t\t\t<div class=\"tpg-excerpt-inner\">\n\t\t\t\t\t\t\t\tTi\u1ebft ki\u1ec7m n\u0103ng l\u01b0\u1ee3ng \u0111\u1ec3 gi\u1ea3m chi ph\u00ed s\u1ea3n xu\u1ea5t \u0111ang l\u00e0 y\u00eau c\u1ea7u b\u1ee9c thi\u1ebft c\u1ee7a c\u00e1c doanh nghi\u1ec7p hi\u1ec7n...\t\t\t\t\t\t\t<\/div>\n\t\t\t\t\t\t\t\t\t\t\t\t\t\t\t\t\t<\/div>\n\t\t\t\t\n\t\t\t\t        <div class=\"post-footer\">\n            <div class=\"post-footer\">\n                <div class=\"read-more\">\n\t\t\t\t\t<a data-id=\"2354\" href=\"https:\/\/sadico.ximangtaydo.net\/en\/tiet-kiem-dien-nang-tang-hieu-qua-san-xuat\/\" class=\"tpg-post-link\" target=\"_self\">Detail<\/a>                <\/div>\n            <\/div>\n        <\/div>\n\t\t\t\t\t<\/div>\n\t\t<\/div>\n\t<\/div>\n<\/div>\n            <\/div>\n\n\t\t\t        <\/div>\n\t\t\t\t\t\t<\/div>\n\t\t\t\t<\/div>\n\t\t\t\t\t<\/div>\n\t\t\t\t<\/div>\n\t\t\t\t<\/div>","protected":false},"excerpt":{"rendered":"<p>TIN T\u1ee8C V\u00c0 HO\u1ea0T \u0110\u1ed8NG Trao qu\u00e0 cho c\u00f4ng nh\u00e2n c\u00f3 ho\u00e0n c\u1ea3nh kh\u00f3 kh\u0103n tr\u01b0\u1edbc th\u1ec1m T\u1ebft Nguy\u00ean \u0111\u00e1n N\u1eb1m trong chu\u1ed7i ch\u0103m lo T\u1ebft Gi\u00e1p Th\u00ecn cho \u0111o\u00e0n vi\u00ean c\u00f4ng \u0111o\u00e0n, c\u00f4ng nh\u00e2n, vi\u00ean ch\u1ee9c, lao \u0111\u1ed9ng, Li\u00ean&#8230; Chi ti\u1ebft Thi \u0111ua lao \u0111\u1ed9ng gi\u1ecfi, lao \u0111\u1ed9ng s\u00e1ng t\u1ea1o X\u00e1c \u0111\u1ecbnh thi \u0111ua [&hellip;]<\/p>\n","protected":false},"author":1,"featured_media":0,"parent":0,"menu_order":0,"comment_status":"closed","ping_status":"closed","template":"elementor_header_footer","meta":{"footnotes":""},"class_list":["post-1513","page","type-page","status-publish","hentry"],"rttpg_featured_image_url":null,"rttpg_author":{"display_name":"sdc","author_link":"https:\/\/sadico.ximangtaydo.net\/en\/author\/sdc\/"},"rttpg_comment":0,"rttpg_category":"","rttpg_excerpt":"TIN T\u1ee8C V\u00c0 HO\u1ea0T \u0110\u1ed8NG Trao qu\u00e0 cho c\u00f4ng nh\u00e2n c\u00f3 ho\u00e0n c\u1ea3nh kh\u00f3 kh\u0103n tr\u01b0\u1edbc th\u1ec1m T\u1ebft Nguy\u00ean \u0111\u00e1n N\u1eb1m trong chu\u1ed7i ch\u0103m lo T\u1ebft Gi\u00e1p Th\u00ecn cho \u0111o\u00e0n vi\u00ean c\u00f4ng \u0111o\u00e0n, c\u00f4ng nh\u00e2n, vi\u00ean ch\u1ee9c, lao \u0111\u1ed9ng, Li\u00ean&#8230; Chi ti\u1ebft Thi \u0111ua lao \u0111\u1ed9ng gi\u1ecfi, lao \u0111\u1ed9ng s\u00e1ng t\u1ea1o X\u00e1c \u0111\u1ecbnh thi \u0111ua&hellip;","_links":{"self":[{"href":"https:\/\/sadico.ximangtaydo.net\/en\/wp-json\/wp\/v2\/pages\/1513","targetHints":{"allow":["GET"]}}],"collection":[{"href":"https:\/\/sadico.ximangtaydo.net\/en\/wp-json\/wp\/v2\/pages"}],"about":[{"href":"https:\/\/sadico.ximangtaydo.net\/en\/wp-json\/wp\/v2\/types\/page"}],"author":[{"embeddable":true,"href":"https:\/\/sadico.ximangtaydo.net\/en\/wp-json\/wp\/v2\/users\/1"}],"replies":[{"embeddable":true,"href":"https:\/\/sadico.ximangtaydo.net\/en\/wp-json\/wp\/v2\/comments?post=1513"}],"version-history":[{"count":16,"href":"https:\/\/sadico.ximangtaydo.net\/en\/wp-json\/wp\/v2\/pages\/1513\/revisions"}],"predecessor-version":[{"id":1780,"href":"https:\/\/sadico.ximangtaydo.net\/en\/wp-json\/wp\/v2\/pages\/1513\/revisions\/1780"}],"wp:attachment":[{"href":"https:\/\/sadico.ximangtaydo.net\/en\/wp-json\/wp\/v2\/media?parent=1513"}],"curies":[{"name":"wp","href":"https:\/\/api.w.org\/{rel}","templated":true}]}}